{"id":42999,"date":"2023-10-09T14:41:34","date_gmt":"2023-10-09T12:41:34","guid":{"rendered":"https:\/\/sv.franoantik.com\/att-kopa\/"},"modified":"2023-10-09T14:41:36","modified_gmt":"2023-10-09T12:41:36","slug":"att-kopa","status":"publish","type":"page","link":"https:\/\/www.franoantik.com\/sv\/att-kopa\/","title":{"rendered":"Att k\u00f6pa"},"content":{"rendered":"\t\t<div data-elementor-type=\"wp-page\" data-elementor-id=\"42999\" class=\"elementor elementor-42999\" data-elementor-post-type=\"page\">\n\t\t\t\t<div class=\"elementor-element elementor-element-44f7f05f e-flex e-con-boxed e-con e-parent\" data-id=\"44f7f05f\" data-element_type=\"container\" data-e-type=\"container\">\n\t\t\t\t\t<div class=\"e-con-inner\">\n\t\t\t\t<div class=\"elementor-element elementor-element-7f4ae7f0 elementor-widget elementor-widget-heading\" data-id=\"7f4ae7f0\" data-element_type=\"widget\" data-e-type=\"widget\" data-widget_type=\"heading.default\">\n\t\t\t\t<div class=\"elementor-widget-container\">\n\t\t\t\t\t<h2 class=\"elementor-heading-title elementor-size-default\">Varf\u00f6r inga prisuppgifter? <\/h2>\t\t\t\t<\/div>\n\t\t\t\t<\/div>\n\t\t\t\t<div class=\"elementor-element elementor-element-3b89923f elementor-widget__width-initial elementor-widget elementor-widget-text-editor\" data-id=\"3b89923f\" data-element_type=\"widget\" data-e-type=\"widget\" data-widget_type=\"text-editor.default\">\n\t\t\t\t<div class=\"elementor-widget-container\">\n\t\t\t\t\t\t\t\t\t<p>Vi har kunder fr\u00e5n fr\u00e5n olika l\u00e4nder med skilda valutor och momsregler och sidan kan inte rent tekniskt hantera flera olika valutor samtidigt och de variationer i v\u00e4xelkurserna som uppst\u00e5r.<\/p>\t\t\t\t\t\t\t\t<\/div>\n\t\t\t\t<\/div>\n\t\t\t\t<div class=\"elementor-element elementor-element-2ccd0c46 elementor-widget elementor-widget-heading\" data-id=\"2ccd0c46\" data-element_type=\"widget\" data-e-type=\"widget\" data-widget_type=\"heading.default\">\n\t\t\t\t<div class=\"elementor-widget-container\">\n\t\t\t\t\t<h2 class=\"elementor-heading-title elementor-size-default\">Hur handlar man?<\/h2>\t\t\t\t<\/div>\n\t\t\t\t<\/div>\n\t\t\t\t<div class=\"elementor-element elementor-element-471decdc elementor-widget__width-initial elementor-widget elementor-widget-text-editor\" data-id=\"471decdc\" data-element_type=\"widget\" data-e-type=\"widget\" data-widget_type=\"text-editor.default\">\n\t\t\t\t<div class=\"elementor-widget-container\">\n\t\t\t\t\t\t\t\t\t<p>Anv\u00e4nd direkt l\u00e4nken som finns vid varje oblekt och g\u00f6r en f\u00f6rfr\u00e5gan, har du fr\u00e5gor ang\u00e5ende objektets skick historia eventuell frakt etc anv\u00e4nd g\u00e4rna samma l\u00e4nk. Var noggrann med att ange korrekt e-post adress.Vi f\u00f6rs\u00f6ker svara s\u00e5 snabbt det g\u00e5r.<\/p><p>D\u00e5 det \u00e4r gamla f\u00f6rem\u00e5l finns det olika grader av \u00e5ldersslitage. F\u00f6r en mer utf\u00f6rlig konditions rapport tag kontakt med oss. Du har ocks\u00e5 m\u00f6jlighet att titta p\u00e5 varan vid v\u00e5rt lager.<\/p><p>Vi till\u00e4mpar vinst marginal beskattning (VMB) f\u00f6r antikviteter och begagnade varor och d\u00e4rf\u00f6r ing\u00e5r ingen avdragsgill moms i priset.<\/p>\t\t\t\t\t\t\t\t<\/div>\n\t\t\t\t<\/div>\n\t\t\t\t\t<\/div>\n\t\t\t\t<\/div>\n\t\t\t\t<\/div>\n\t\t","protected":false},"excerpt":{"rendered":"<p>Varf\u00f6r inga prisuppgifter? Vi har kunder fr\u00e5n fr\u00e5n olika l\u00e4nder med skilda valutor och momsregler och sidan kan inte rent tekniskt hantera flera olika valutor samtidigt och de variationer i v\u00e4xelkurserna som uppst\u00e5r. Hur handlar man? Anv\u00e4nd direkt l\u00e4nken som finns vid varje oblekt och g\u00f6r en f\u00f6rfr\u00e5gan, har du fr\u00e5gor ang\u00e5ende objektets skick historia [&hellip;]<\/p>\n","protected":false},"author":1,"featured_media":0,"parent":0,"menu_order":0,"comment_status":"closed","ping_status":"closed","template":"","meta":{"_acf_changed":false,"footnotes":""},"class_list":["post-42999","page","type-page","status-publish","hentry"],"acf":[],"yoast_head":"<!-- This site is optimized with the Yoast SEO plugin v27.4 - https:\/\/yoast.com\/product\/yoast-seo-wordpress\/ -->\n<title>Att k\u00f6pa - Fr\u00e5n\u00f6 Antik -sv<\/title>\n<meta name=\"robots\" content=\"index, follow, max-snippet:-1, max-image-preview:large, max-video-preview:-1\" \/>\n<link rel=\"canonical\" href=\"https:\/\/www.franoantik.com\/sv\/att-kopa\/\" \/>\n<meta property=\"og:locale\" content=\"sv_SE\" \/>\n<meta property=\"og:type\" content=\"article\" \/>\n<meta property=\"og:title\" content=\"Att k\u00f6pa - Fr\u00e5n\u00f6 Antik -sv\" \/>\n<meta property=\"og:description\" content=\"Varf\u00f6r inga prisuppgifter? Vi har kunder fr\u00e5n fr\u00e5n olika l\u00e4nder med skilda valutor och momsregler och sidan kan inte rent tekniskt hantera flera olika valutor samtidigt och de variationer i v\u00e4xelkurserna som uppst\u00e5r. Hur handlar man? Anv\u00e4nd direkt l\u00e4nken som finns vid varje oblekt och g\u00f6r en f\u00f6rfr\u00e5gan, har du fr\u00e5gor ang\u00e5ende objektets skick historia [&hellip;]\" \/>\n<meta property=\"og:url\" content=\"https:\/\/www.franoantik.com\/sv\/att-kopa\/\" \/>\n<meta property=\"og:site_name\" content=\"Fr\u00e5n\u00f6 Antik -sv\" \/>\n<meta property=\"article:modified_time\" content=\"2023-10-09T12:41:36+00:00\" \/>\n<meta name=\"twitter:card\" content=\"summary_large_image\" \/>\n<meta name=\"twitter:label1\" content=\"Ber\u00e4knad l\u00e4stid\" \/>\n\t<meta name=\"twitter:data1\" content=\"1 minut\" \/>\n<script type=\"application\/ld+json\" class=\"yoast-schema-graph\">{\"@context\":\"https:\\\/\\\/schema.org\",\"@graph\":[{\"@type\":\"WebPage\",\"@id\":\"https:\\\/\\\/www.franoantik.com\\\/sv\\\/att-kopa\\\/\",\"url\":\"https:\\\/\\\/www.franoantik.com\\\/sv\\\/att-kopa\\\/\",\"name\":\"Att k\u00f6pa - Fr\u00e5n\u00f6 Antik -sv\",\"isPartOf\":{\"@id\":\"https:\\\/\\\/www.franoantik.com\\\/sv\\\/#website\"},\"datePublished\":\"2023-10-09T12:41:34+00:00\",\"dateModified\":\"2023-10-09T12:41:36+00:00\",\"breadcrumb\":{\"@id\":\"https:\\\/\\\/www.franoantik.com\\\/sv\\\/att-kopa\\\/#breadcrumb\"},\"inLanguage\":\"sv-SE\",\"potentialAction\":[{\"@type\":\"ReadAction\",\"target\":[\"https:\\\/\\\/www.franoantik.com\\\/sv\\\/att-kopa\\\/\"]}]},{\"@type\":\"BreadcrumbList\",\"@id\":\"https:\\\/\\\/www.franoantik.com\\\/sv\\\/att-kopa\\\/#breadcrumb\",\"itemListElement\":[{\"@type\":\"ListItem\",\"position\":1,\"name\":\"Home\",\"item\":\"https:\\\/\\\/www.franoantik.com\\\/sv\\\/\"},{\"@type\":\"ListItem\",\"position\":2,\"name\":\"Att k\u00f6pa\"}]},{\"@type\":\"WebSite\",\"@id\":\"https:\\\/\\\/www.franoantik.com\\\/sv\\\/#website\",\"url\":\"https:\\\/\\\/www.franoantik.com\\\/sv\\\/\",\"name\":\"Fr\u00e5n\u00f6 Antik -sv\",\"description\":\"\",\"publisher\":{\"@id\":\"https:\\\/\\\/www.franoantik.com\\\/sv\\\/#organization\"},\"potentialAction\":[{\"@type\":\"SearchAction\",\"target\":{\"@type\":\"EntryPoint\",\"urlTemplate\":\"https:\\\/\\\/www.franoantik.com\\\/sv\\\/?s={search_term_string}\"},\"query-input\":{\"@type\":\"PropertyValueSpecification\",\"valueRequired\":true,\"valueName\":\"search_term_string\"}}],\"inLanguage\":\"sv-SE\"},{\"@type\":\"Organization\",\"@id\":\"https:\\\/\\\/www.franoantik.com\\\/sv\\\/#organization\",\"name\":\"Fr\u00e5n\u00f6 Antik -sv\",\"url\":\"https:\\\/\\\/www.franoantik.com\\\/sv\\\/\",\"logo\":{\"@type\":\"ImageObject\",\"inLanguage\":\"sv-SE\",\"@id\":\"https:\\\/\\\/www.franoantik.com\\\/sv\\\/#\\\/schema\\\/logo\\\/image\\\/\",\"url\":\"https:\\\/\\\/www.franoantik.com\\\/sv\\\/wp-content\\\/uploads\\\/sites\\\/3\\\/2023\\\/10\\\/Logo.png\",\"contentUrl\":\"https:\\\/\\\/www.franoantik.com\\\/sv\\\/wp-content\\\/uploads\\\/sites\\\/3\\\/2023\\\/10\\\/Logo.png\",\"width\":500,\"height\":500,\"caption\":\"Fr\u00e5n\u00f6 Antik -sv\"},\"image\":{\"@id\":\"https:\\\/\\\/www.franoantik.com\\\/sv\\\/#\\\/schema\\\/logo\\\/image\\\/\"}}]}<\/script>\n<!-- \/ Yoast SEO plugin. -->","yoast_head_json":{"title":"Att k\u00f6pa - Fr\u00e5n\u00f6 Antik -sv","robots":{"index":"index","follow":"follow","max-snippet":"max-snippet:-1","max-image-preview":"max-image-preview:large","max-video-preview":"max-video-preview:-1"},"canonical":"https:\/\/www.franoantik.com\/sv\/att-kopa\/","og_locale":"sv_SE","og_type":"article","og_title":"Att k\u00f6pa - Fr\u00e5n\u00f6 Antik -sv","og_description":"Varf\u00f6r inga prisuppgifter? Vi har kunder fr\u00e5n fr\u00e5n olika l\u00e4nder med skilda valutor och momsregler och sidan kan inte rent tekniskt hantera flera olika valutor samtidigt och de variationer i v\u00e4xelkurserna som uppst\u00e5r. Hur handlar man? Anv\u00e4nd direkt l\u00e4nken som finns vid varje oblekt och g\u00f6r en f\u00f6rfr\u00e5gan, har du fr\u00e5gor ang\u00e5ende objektets skick historia [&hellip;]","og_url":"https:\/\/www.franoantik.com\/sv\/att-kopa\/","og_site_name":"Fr\u00e5n\u00f6 Antik -sv","article_modified_time":"2023-10-09T12:41:36+00:00","twitter_card":"summary_large_image","twitter_misc":{"Ber\u00e4knad l\u00e4stid":"1 minut"},"schema":{"@context":"https:\/\/schema.org","@graph":[{"@type":"WebPage","@id":"https:\/\/www.franoantik.com\/sv\/att-kopa\/","url":"https:\/\/www.franoantik.com\/sv\/att-kopa\/","name":"Att k\u00f6pa - Fr\u00e5n\u00f6 Antik -sv","isPartOf":{"@id":"https:\/\/www.franoantik.com\/sv\/#website"},"datePublished":"2023-10-09T12:41:34+00:00","dateModified":"2023-10-09T12:41:36+00:00","breadcrumb":{"@id":"https:\/\/www.franoantik.com\/sv\/att-kopa\/#breadcrumb"},"inLanguage":"sv-SE","potentialAction":[{"@type":"ReadAction","target":["https:\/\/www.franoantik.com\/sv\/att-kopa\/"]}]},{"@type":"BreadcrumbList","@id":"https:\/\/www.franoantik.com\/sv\/att-kopa\/#breadcrumb","itemListElement":[{"@type":"ListItem","position":1,"name":"Home","item":"https:\/\/www.franoantik.com\/sv\/"},{"@type":"ListItem","position":2,"name":"Att k\u00f6pa"}]},{"@type":"WebSite","@id":"https:\/\/www.franoantik.com\/sv\/#website","url":"https:\/\/www.franoantik.com\/sv\/","name":"Fr\u00e5n\u00f6 Antik -sv","description":"","publisher":{"@id":"https:\/\/www.franoantik.com\/sv\/#organization"},"potentialAction":[{"@type":"SearchAction","target":{"@type":"EntryPoint","urlTemplate":"https:\/\/www.franoantik.com\/sv\/?s={search_term_string}"},"query-input":{"@type":"PropertyValueSpecification","valueRequired":true,"valueName":"search_term_string"}}],"inLanguage":"sv-SE"},{"@type":"Organization","@id":"https:\/\/www.franoantik.com\/sv\/#organization","name":"Fr\u00e5n\u00f6 Antik -sv","url":"https:\/\/www.franoantik.com\/sv\/","logo":{"@type":"ImageObject","inLanguage":"sv-SE","@id":"https:\/\/www.franoantik.com\/sv\/#\/schema\/logo\/image\/","url":"https:\/\/www.franoantik.com\/sv\/wp-content\/uploads\/sites\/3\/2023\/10\/Logo.png","contentUrl":"https:\/\/www.franoantik.com\/sv\/wp-content\/uploads\/sites\/3\/2023\/10\/Logo.png","width":500,"height":500,"caption":"Fr\u00e5n\u00f6 Antik -sv"},"image":{"@id":"https:\/\/www.franoantik.com\/sv\/#\/schema\/logo\/image\/"}}]}},"_links":{"self":[{"href":"https:\/\/www.franoantik.com\/sv\/wp-json\/wp\/v2\/pages\/42999","targetHints":{"allow":["GET"]}}],"collection":[{"href":"https:\/\/www.franoantik.com\/sv\/wp-json\/wp\/v2\/pages"}],"about":[{"href":"https:\/\/www.franoantik.com\/sv\/wp-json\/wp\/v2\/types\/page"}],"author":[{"embeddable":true,"href":"https:\/\/www.franoantik.com\/sv\/wp-json\/wp\/v2\/users\/1"}],"replies":[{"embeddable":true,"href":"https:\/\/www.franoantik.com\/sv\/wp-json\/wp\/v2\/comments?post=42999"}],"version-history":[{"count":4,"href":"https:\/\/www.franoantik.com\/sv\/wp-json\/wp\/v2\/pages\/42999\/revisions"}],"predecessor-version":[{"id":43046,"href":"https:\/\/www.franoantik.com\/sv\/wp-json\/wp\/v2\/pages\/42999\/revisions\/43046"}],"wp:attachment":[{"href":"https:\/\/www.franoantik.com\/sv\/wp-json\/wp\/v2\/media?parent=42999"}],"curies":[{"name":"wp","href":"https:\/\/api.w.org\/{rel}","templated":true}]}}